{"id":154,"date":"2020-01-04T17:36:58","date_gmt":"2020-01-04T17:36:58","guid":{"rendered":"http:\/\/localhost\/krtk\/typerocket\/wordpress\/?page_id=154"},"modified":"2020-01-04T17:36:59","modified_gmt":"2020-01-04T17:36:59","slug":"tukortablak","status":"publish","type":"page","link":"https:\/\/adatbank.krtk.mta.hu\/en\/tukortablak\/","title":{"rendered":"T\u00dcK\u00d6RT\u00c1BL\u00c1K"},"content":{"rendered":"\n<p>T\u00fck\u00f6rt\u00e1bl\u00e1k tartalom<\/p>\n","protected":false},"excerpt":{"rendered":"<p>T\u00fck\u00f6rt\u00e1bl\u00e1k tartalom<\/p>\n","protected":false},"author":1,"featured_media":0,"parent":0,"menu_order":0,"comment_status":"closed","ping_status":"closed","template":"","meta":{"footnotes":""},"_links":{"self":[{"href":"https:\/\/adatbank.krtk.mta.hu\/en\/wp-json\/wp\/v2\/pages\/154"}],"collection":[{"href":"https:\/\/adatbank.krtk.mta.hu\/en\/wp-json\/wp\/v2\/pages"}],"about":[{"href":"https:\/\/adatbank.krtk.mta.hu\/en\/wp-json\/wp\/v2\/types\/page"}],"author":[{"embeddable":true,"href":"https:\/\/adatbank.krtk.mta.hu\/en\/wp-json\/wp\/v2\/users\/1"}],"replies":[{"embeddable":true,"href":"https:\/\/adatbank.krtk.mta.hu\/en\/wp-json\/wp\/v2\/comments?post=154"}],"version-history":[{"count":0,"href":"https:\/\/adatbank.krtk.mta.hu\/en\/wp-json\/wp\/v2\/pages\/154\/revisions"}],"wp:attachment":[{"href":"https:\/\/adatbank.krtk.mta.hu\/en\/wp-json\/wp\/v2\/media?parent=154"}],"curies":[{"name":"wp","href":"https:\/\/api.w.org\/{rel}","templated":true}]}}