{"id":59,"date":"2019-12-07T13:38:21","date_gmt":"2019-12-07T13:38:21","guid":{"rendered":"http:\/\/localhost\/krtk\/typerocket\/wordpress\/?page_id=59"},"modified":"2025-10-14T08:35:48","modified_gmt":"2025-10-14T08:35:48","slug":"futo-projektek","status":"publish","type":"page","link":"https:\/\/adatbank.krtk.mta.hu\/en\/kutatoszoba\/futo-projektek\/","title":{"rendered":"Projects"},"content":{"rendered":"\n<p class=\"has-medium-font-size\"><strong>Current research projects in the Research Room<\/strong><\/p>\n\n\n\n<p class=\"has-medium-font-size\">Tam\u00e1s Hajdu, G\u00e1bor Kertesi, G\u00e1bor K\u00e9zdi, J\u00e1nos K\u00f6ll\u0151, \u00c1gnes Szab\u00f3-Morvai, R\u00f3bert Viktor K\u00e1rolyi, Anik\u00f3 Bir\u00f3, P\u00e9ter Elek, Lajos Tam\u00e1s Szab\u00f3, J\u00falia Varga, Barnab\u00e1s Beny\u00e1k, Bence Szab\u00f3: Employment differences, housing inequalities, health at birth<\/p>\n\n\n\n<p class=\"has-medium-font-size\">Bal\u00e1zs Lengyel, L\u00e1szl\u00f3 L\u0151rincz: Technological proximity, ownership structure and dynamics: product spatial networks from 1992 to 2012<\/p>\n\n\n\n<p class=\"has-medium-font-size\">G\u00e1bor B\u00e9k\u00e9s, Zsuzsanna Holler, Mikl\u00f3s Koren, Bal\u00e1zs Murak\u00f6zy, Istv\u00e1n Szab\u00f3, Dzsamila Vonn\u00e1k, Boldizs\u00e1r Juh\u00e1sz, Kinga Ritter, Zolt\u00e1n S\u00e1pi, Attila Lindner, Bal\u00e1zs Reizer, M\u00e1rta Bisztray, Olena Chystiakova, Viktor R\u00f3bert K\u00e1rolyi, Martin Neubrandt Istv\u00e1n, J\u00e1nos Szentistv\u00e1nyi Istv\u00e1n, Attila G\u00e1sp\u00e1r, Rita Pet\u0151: Examining corporate behaviour, the cause of corporate diversity and its impact on competitiveness<\/p>\n\n\n\n<p class=\"has-medium-font-size\">G\u00e1bor B\u00e9k\u00e9s, M\u00e1rta Bisztray, L\u00e1szl\u00f3 Halpern, Mikl\u00f3s Koren, Bal\u00e1zs Murak\u00f6zy, Dzsamila Vonn\u00e1k, J\u00e1nos Istv\u00e1n Szentistv\u00e1nyi: The role of firm diversity in the development of efficiency and foreign trade performance<\/p>\n\n\n\n<p class=\"has-medium-font-size\">Bal\u00e1zs Lengyel, L\u00e1szl\u00f3 L\u0151rincz, Brigitta N\u00e9meth: Network determination of domestic migration<\/p>\n\n\n\n<p class=\"has-medium-font-size\">Tam\u00e1s Hajdu, G\u00e1bor Hajdu: Short and long-term effects of weather shocks on pregnancy outcomes, health at birth, mortality, educational and labour market success<\/p>\n\n\n\n<p class=\"has-medium-font-size\">Anna Adamecz-V\u00f6lgyi: The heterogeneous effects of the compulsory school attendance age<\/p>\n\n\n\n<p class=\"has-medium-font-size\">Bal\u00e1zs Murak\u00f6zy: Competitiveness, foreign trade and wages<\/p>\n\n\n\n<p class=\"has-medium-font-size\">J\u00e1nos K\u00f6ll\u0151, Istv\u00e1n Boza, Endre Szab\u00f3, Melinda Tir, \u00c9va Czethoffer, Anna Seb\u0151k, Domonkos Czifra, Gergely \u00d3dor, M\u00e1rton Karsai: Delineating local labour markets with high-resolution geographic data<\/p>\n\n\n\n<p class=\"has-medium-font-size\">Bal\u00e1zs Murak\u00f6zy, G\u00e1bor B\u00e9k\u00e9s, Mikl\u00f3s Koren, Dzsamila Vonn\u00e1k, Bal\u00e1zs Reizer, Attila Lindner, M\u00e1rta Bisztray, L\u00e1szl\u00f3 Halpern, Istv\u00e1n Boza, D\u00e1niel Moln\u00e1r, Boldizs\u00e1r Juh\u00e1sz, Anna Seb\u0151k, Bal\u00e1zs Krusper, M\u00e1rton Fleck, Szilvia Flanek, Rebeka Cook, Eszter Kabos, Lili M\u00e1rk, Berta K\u00f3cs\u00f3, Rita Pet\u0151, D\u00e1niel Barab\u00e1s, \u00c1ron Szalka: Investigating supplier relationships<\/p>\n\n\n\n<p class=\"has-medium-font-size\">G\u00e1bor Hajdu, Tam\u00e1s Hajdu: The impact of tightening abortion regulation on the health of newborns and the economic and social characteristics of children and parents<\/p>\n\n\n\n<p class=\"has-medium-font-size\">Tam\u00e1s Bak\u00f3, Judit K\u00e1lm\u00e1n, Melinda Tir, R\u00f3bert K\u00e1rolyi, Viktor R\u00f3bert K\u00e1rolyi: Human capital accumulation in Hungarian micro-regions between 1990-2016<\/p>\n\n\n\n<p class=\"has-medium-font-size\">\u00c1gnes Szab\u00f3-Morvai, Rita Pet\u0151, Csaba T\u00f3th, G\u00e1bor Kertesi, Anna Adamecz-V\u00f6lgyi, Anna B\u00e1rdits, Viktor R\u00f3bert K\u00e1rolyi: Short and long-term effects of population policies<\/p>\n\n\n\n<p class=\"has-medium-font-size\">Anna Seb\u0151k, J\u00e1nos K\u00f6ll\u0151, Fritz Schiltz, Tam\u00e1s Lajos Szab\u00f3, Melinda Tir: The effects of lowering the compulsory school age<\/p>\n\n\n\n<p class=\"has-medium-font-size\">G\u00e1bor Kertesi, Anik\u00f3 Bir\u00f3, Tam\u00e1s Hajd\u00fa, \u00c1gnes Szab\u00f3-Morvai Szobony\u00e1n\u00e9, P\u00e9ter Elek, Be\u00e1ta Berkovics, J\u00falia Varga, Barnab\u00e1s Beny\u00e1k, Katalin Lili M\u00e1rk, Judit Krek\u00f3, Bence Szab\u00f3: Health and Society<\/p>\n\n\n\n<p class=\"has-medium-font-size\">\u00c1gnes Szab\u00f3-Morvai Szobony\u00e1n\u00e9, Katalin B\u00f6rd\u00f6s: Examining the impact of family policies on fertility in Hungary<\/p>\n\n\n\n<p class=\"has-medium-font-size\">J\u00falia Gal\u00e1ntai, K\u00e1roly Tak\u00e1cs: Relationship factors by examining the life stage between adulthood and childbearing<\/p>\n\n\n\n<p class=\"has-medium-font-size\">M\u00e1rta Bisztray, Bal\u00e1zs Murak\u00f6zy, Bal\u00e1zs Reizer, G\u00e1bor B\u00e9k\u00e9s, L\u00e1szl\u00f3 Halpern, Istv\u00e1n Gergely Hajd\u00fa, Dzsamila Vonn\u00e1k, Istv\u00e1n Martin Neubrandt, Gy\u0151z\u0151 Gy\u00f6ngy\u00f6si, Rita Pet\u0151, J\u00e1nos Istv\u00e1n Szentistv\u00e1nyi, Attila G\u00e1sp\u00e1r, M\u00e1ty\u00e1s Moln\u00e1r, Bal\u00e1zs Lengyel, D\u00e1niel Barab\u00e1s: Estimation of firm productivity and analysis of factors influencing productivity trends<\/p>\n\n\n\n<p class=\"has-medium-font-size\">Bal\u00e1zs Lengyel, P\u00e9ter J\u00e1ray Istv\u00e1n: Analysis of young researchers&#8217; career leaving in Hungary<\/p>\n\n\n\n<p class=\"has-medium-font-size\">G\u00e1bor Nagy, Lajos Boros, Gyula Nagy, Tam\u00e1s Kovalcsik, G\u00e1bor Dud\u00e1s, D\u00e1niel G\u00e1bor Velkey, Bence Kov\u00e1ts, Erika Nagy, Andr\u00e1s Tr\u00f3cs\u00e1nyi, S\u00e1ra Luca Br\u00f3dy: Transforming local housing markets in Hungarian major cities<\/p>\n\n\n\n<p class=\"has-medium-font-size\">D\u00e1niel Horn, Anna Seb\u0151k, J\u00e1nos K\u00f6ll\u0151, Bal\u00e1zs Reizer, Anna Adamecz-V\u00f6lgyi, L\u00e1szl\u00f3 L\u0151rincz, P\u00e9ter Elek, M\u00e1rta Bisztray: Effects of Coronavirus, shock and chances of recovery<\/p>\n\n\n\n<p class=\"has-medium-font-size\">G\u00e1bor Kertesi, Bence Szab\u00f3: Housing market, childbearing and residential mobility: their interactions and policy analysis using a life-cycle model<\/p>\n\n\n\n<p class=\"has-medium-font-size\">L\u00e1szl\u00f3 L\u0151rincz, S\u00e1ndor Juh\u00e1sz, Rebeka Szab\u00f3 O., Bal\u00e1zs Lengyel, Vir\u00e1g Ily\u00e9s, Zolt\u00e1n Elekes, Gergely Magyar, Anna Mancini, Gerg\u0151 T\u00f3th, Zlata Tabachov\u00e1, Erik Braun: The role of embeddedness in the establishment and maintenance of supplier-customer relationships<\/p>\n\n\n\n<p class=\"has-medium-font-size\">G\u00e1bor Hajdu, Tam\u00e1s Hajdu: Social environment, social inequalities and subjective well-being<\/p>\n\n\n\n<p class=\"has-medium-font-size\">J\u00e1nos K\u00f6ll\u0151, Melinda Tir, Endre Szab\u00f3, Zsuzsanna Sinka-Gr\u00f3sz: Re-weighting of Wage scale data<\/p>\n\n\n\n<p class=\"has-medium-font-size\">Judit Krek\u00f3, J\u00e1nos K\u00f6ll\u0151, Dzsamila Vonn\u00e1k, \u00c1ron Horv\u00e1th, \u00c1gota Scharle, \u00c1gnes Szab\u00f3-Morvai Szobony\u00e1n\u00e9, Bal\u00e1zs Reizer, Istv\u00e1n Boza: The Hungarian Labour Market 2020<\/p>\n\n\n\n<p class=\"has-medium-font-size\">Tam\u00e1s Hajdu, Zolt\u00e1n Hermann, G\u00e1bor Kertesi, Bence Szab\u00f3, Melinda Tir, Barnab\u00e1s Beny\u00e1k: Factors determining pregnancy, early childhood health: residential environment, social background, health history of the birth-giving women<\/p>\n\n\n\n<p class=\"has-medium-font-size\">Imre Fert\u0151, Zolt\u00e1n Bakucs, Lajos Bar\u00e1th, Gergely Csurilla: Markets, quality, competition in international agricultural trade<\/p>\n\n\n\n<p class=\"has-medium-font-size\">Bal\u00e1zs Lengyel, Zs\u00f3fia Z\u00e1dor: Analysis of occupations by job titles and job descriptions<\/p>\n\n\n\n<p class=\"has-medium-font-size\">M\u00e1rton Ger\u0151, Szabina Ker\u00e9nyi: Democratisation, the decline of democracy and the trajectories of civil society<\/p>\n\n\n\n<p class=\"has-medium-font-size\">Judit Krek\u00f3, Judit Berei, Hanna Er\u0151s, Bence Szab\u00f3, M\u00e1rton Csillag: Changes in the employment of mothers with young children (2005-2021)<\/p>\n\n\n\n<p class=\"has-medium-font-size\">L\u00e1szl\u00f3 L\u0151rincz, S\u00e1ndor Juh\u00e1sz: Mobility, social and economic relations and inequality in cities during the pandemic<\/p>\n\n\n\n<p class=\"has-medium-font-size\">\u00c1gnes Szab\u00f3-Morvai Szobony\u00e1n\u00e9, Anna Adamecz, Gy\u0151z\u0151 Gy\u00f6ngy\u00f6si, Vikor R\u00f3bert K\u00e1rolyi: Crisis- Fertility<\/p>\n\n\n\n<p class=\"has-medium-font-size\">G\u00e1bor B\u00e9k\u00e9s, Rosario Crino, Alessandra Bonfiglioli, M\u00e1ty\u00e1s Moln\u00e1r, Alessandro Gino Gancia, Istv\u00e1n Martin Neubrandt, Barab\u00e1s D\u00e1niel: The spread of robots in Hungary: a firm-level approach<\/p>\n\n\n\n<p class=\"has-medium-font-size\">Bal\u00e1zs P\u00e1ger, G\u00e1bor Lux, Zolt\u00e1n G\u00e1l: The role of FDI firms in the development of entrepreneurial activity rates and their impact on entrepreneurial resources in Hungary<\/p>\n\n\n\n<p class=\"has-medium-font-size\">Melinda Tir, Zsuzsanna Sinka-Gr\u00f3sz, \u00c9va Czethoffer, Hel\u00e9na Izolda H\u00f6nich, J\u00e1nos K\u00f6ll\u0151, Endre Szab\u00f3, Eszter Orosz, Bence Kov\u00e1cs: 2022 Census enumeration district maps, harmonisation of 2011 and 2022 Census districts. Block descriptions of 2022 Census to be inserted by Census Department<\/p>\n\n\n\n<p class=\"has-medium-font-size\">J\u00falia Varga, Tam\u00e1s Hajdu, Melinda Tir: The indicators of public education 2023<\/p>\n\n\n\n<p class=\"has-medium-font-size\">Melinda Tir, Zsuzsanna Sinka-Gr\u00f3sz, \u00c9va Czethoffer, Hel\u00e9na Izolda H\u00f6nich, J\u00e1nos K\u00f6ll\u0151, Endre Szab\u00f3, Eszter Orosz, Bence Kov\u00e1cs: 2022 Census enumeration district maps, harmonisation of 2011 and 2022 Census districts<\/p>\n\n\n\n<p class=\"has-medium-font-size\">Csaba Weiner, Csaba Lak\u00f3cai, G\u00e1bor T\u00fary, K\u00e1lm\u00e1n Kalotay, Gy\u00f6rgy Andr\u00e1s De\u00e1k, L\u00e1szl\u00f3 T\u0151k\u00e9s: The impact of sanctions on Hungarian and Polish business activities in Russia<\/p>\n\n\n\n<p class=\"has-medium-font-size\">B\u00e1lint Ko\u00f3s, Patrik T\u00e1trai, D\u00f3ra G\u00e1briel: Migration of the elderly and its possible developmental impacts in rural Hungary<\/p>\n\n\n\n<p class=\"has-medium-font-size\">Bal\u00e1zs Lengyel, S\u00e1ndor Juh\u00e1sz, Zs\u00f3fia Z\u00e1dor: Home-based work and the transformation of economic activity within cities<\/p>\n\n\n\n<p class=\"has-medium-font-size\">D\u00e1niel Horn, Zsuzsanna Vadle: The long-term labour market impact of 6th and 8th grade secondary schools<\/p>\n\n\n\n<p class=\"has-medium-font-size\">M\u00e1rta Bisztray, Be\u00e1ta Javorcik, Helena Schweiger: Domestic trade in services and foreign direct investment in working capital<\/p>\n\n\n\n<p class=\"has-medium-font-size\">B\u00e1lint Ko\u00f3s, Gy\u00f6rgy Mikle: Mobility strategies and economic cycles: mobility strategies of disadvantaged Roma populations<\/p>\n\n\n\n<p class=\"has-medium-font-size\">Bal\u00e1zs Reizer, \u00c1gota Adele Moln\u00e1r: The impact of economic competition on innovation<\/p>\n\n\n\n<p class=\"has-medium-font-size\">Rita Pet\u0151, Tam\u00e1s Bak\u00f3: Inter-generational transmission of skills<\/p>\n\n\n\n<p class=\"has-medium-font-size\">Guszt\u00e1v Nemes, \u00c1gnes Varga Jeneyn\u00e9, S\u00e1ndor \u00c1d\u00e1m Dienes, Kyra Tomay, \u00c9va Orb\u00e1n: Domestic volume of residential and seasonal gentrification<\/p>\n\n\n\n<p class=\"has-medium-font-size\">J\u00f3zsef Lennert, Don\u00e1t Andr\u00e1s Kov\u00e1cs, \u00c1d\u00e1m Szalai, L\u00e1szl\u00f3 G\u00e1bor Vas\u00e1rus, B\u00e1lint Ko\u00f3s, Zsolt Jen\u0151 Farkas, Edit Hoyk: Eternal reserve areas? Former enclosed gardens, vineyards and resorts in the squeeze of urban development<\/p>\n\n\n\n<p class=\"has-medium-font-size\">Bal\u00e1zs Reizer, Rita Pet\u0151: Heterogeneity of job tasks<\/p>\n\n\n\n<p class=\"has-medium-font-size\">B\u00e1lint Bence Kov\u00e1cs, Andr\u00e1s Hubai, M\u00e1rton Karsai: Generation of a commuting matrix for an epidemic model<\/p>\n\n\n\n<p class=\"has-medium-font-size\">J\u00falia Varga, Gy\u00f6rgy Moln\u00e1r, Zsuzsanna Sinka-Gr\u00f3sz, \u00c9va Czethoffer, J\u00e1nos K\u00f6ll\u0151, Melinda Tir, Tam\u00e1s Hajdu, Anik\u00f3 Bir\u00f3, D\u00e1vid Simon, \u00c1gnes H\u00e1rs: The Hungarian Labour Market 2023<\/p>\n\n\n\n<p class=\"has-medium-font-size\">J\u00e1nos K\u00f6ll\u0151: Where have the Roma gone?<\/p>\n\n\n\n<p class=\"has-medium-font-size\">S\u00e1ndor Juh\u00e1sz, Erik Braun, Gergely Magyar, Tam\u00e1s M\u00e1ty\u00e1s-P\u00e9ter, Kaplony Samu T\u00f3soki: Networks of economic dependence<\/p>\n\n\n\n<p class=\"has-medium-font-size\">Mikl\u00f3s Koren, Andr\u00e1s Vereckei, \u00c1lmos Telegdy, Bal\u00e1zs Reizer, Gergely Attila Kiss, Istv\u00e1n Martin Neubrandt, Xiong Zijian: The macroeconomics of managers<\/p>\n\n\n\n<p class=\"has-medium-font-size\">Tam\u00e1s Hajdu: Weather, climate change, and mortality<\/p>\n\n\n\n<p class=\"has-medium-font-size\">Bal\u00e1zs Reizer, Rita Pet\u0151, G\u00e1bor B\u00e9k\u00e9s, Istv\u00e1n Martin Neubrandt, Istv\u00e1n Boza, R\u00f3bert Viktor K\u00e1rolyi, Mikl\u00f3s Koren, Melinda Tir, D\u00e1niel Barab\u00e1s: Technology, job duties, inequalities<\/p>\n\n\n\n<p class=\"has-medium-font-size\">Istv\u00e1n Boza, Bal\u00e1zs Reizer, Zolt\u00e1n Hermann, R\u00f3bert Viktor K\u00e1rolyi, J\u00e1nos K\u00f6ll\u0151, \u00c1ron Horv\u00e1th, Zolt\u00e1n S\u00e1pi, Zsuzsanna Sinka-Gr\u00f3sz: The Hungarian Labour Market 2025<\/p>\n\n\n\n<p class=\"has-medium-font-size\">D\u00e1niel Horn, Hubert J\u00e1nos Kiss, Antal Ertl: The effect of locus of control on long-term life outcomes<\/p>\n\n\n\n<p class=\"has-medium-font-size\"><strong>Closed research projects in the Research Room<\/strong><\/p>\n\n\n\n<p class=\"has-medium-font-size\">G\u00e1bor Kir\u00e1ly, B\u00e1lint Ko\u00f3s, Katalin Kov\u00e1cs: Those living from agriculture<\/p>\n\n\n\n<p class=\"has-medium-font-size\">D\u00e1niel Horn: The long-term impact of institutional selection of schools on students&#8217; labour market opportunities<\/p>\n\n\n\n<p class=\"has-medium-font-size\">D\u00e1niel Horn, Vivien Dobos, Zolt\u00e1n Hermann: Higher compulsory school age &#8211; higher education? How does raising the upper age limit for compulsory education affect the chances of obtaining a secondary school qualification?<\/p>\n\n\n\n<p class=\"has-medium-font-size\">Bence Czafit, J\u00e1nos K\u00f6ll\u0151, Anna Seb\u0151k: The composition of the prison population in 2001 and 2011<\/p>\n\n\n\n<p class=\"has-medium-font-size\">M\u00e1rton Czirfusz, Csaba Jelinek: Urban development and social re-structuring in J\u00f3zsefv\u00e1ros<\/p>\n\n\n\n<p class=\"has-medium-font-size\">Tam\u00e1s Bak\u00f3, Zsombor Cseres-Gergely: Analysis of policy interventions using micro-data<\/p>\n\n\n\n<p class=\"has-medium-font-size\">Anna Lov\u00e1sz, \u00c1gnes Szab\u00f3-Morvai: The impact of childcare facilities on the labour market status of women, with special reference to flexible working arrangements<\/p>\n\n\n\n<p class=\"has-medium-font-size\">Anna Adamecz, Fl\u00f3ra Samu, \u00c1gota Scharle: The effect of raising the compulsory school age on adolescent pregnancy<\/p>\n\n\n\n<p class=\"has-medium-font-size\">Tibor Czegl\u00e9di, K\u00e1roly Fazekas, \u00c1gnes H\u00e1rs, Viktor R\u00f3bert K\u00e1rolyi, Endre Szab\u00f3, D\u00e1vid Simon: A multivariate analysis of the labour market integration of migrants<\/p>\n\n\n\n<p class=\"has-medium-font-size\">Zolt\u00e1n Hermann: Expected labour market situation and expected outcome of processes in 2015-2016 and their impact on growth and public finances<\/p>\n\n\n\n<p class=\"has-medium-font-size\">Zsuzsanna P\u00f3sfai, Aura Moldovan: Socio-economic and political responses to regional polarisation in Central and Eastern Europe. Regional mobility and socio-spatial polarization in Romania and Hungary.<\/p>\n\n\n\n<p class=\"has-medium-font-size\">\u00c1gnes Szab\u00f3-Morvai, Anita Hal\u00e1sz, Benjamin Bruce: The impact of compulsory kindergarten attendance on mothers&#8217; labour market outcomes<\/p>\n\n\n\n<p class=\"has-medium-font-size\">Mikl\u00f3s Koren, Istv\u00e1n Szab\u00f3: Examining the relationship between productivity and product portfolio of firms<\/p>\n\n\n\n<p class=\"has-medium-font-size\">Bence Szab\u00f3: The impact of changes in family allowance on fertility and birth outcomes<\/p>\n\n\n\n<p class=\"has-medium-font-size\">Andr\u00e1s De\u00e1k: Russian\/F\u00c1K related clusters of enterprises in the Hungarian economy<\/p>\n\n\n\n<p class=\"has-medium-font-size\">Zolt\u00e1n Hermann: The impact of the vocational education and training reforms of 1998 and 2010-2012<\/p>\n\n\n\n<p class=\"has-medium-font-size\">B\u00e1lint Ko\u00f3s, Katalin Kov\u00e1cs, Judit Tim\u00e1r, T\u00fcnde Vir\u00e1g, Anna Hamar, Csaba Jelinek, Melinda Mih\u00e1ly, Gergely Tagai, G\u00e1bor Velkey, M\u00e1rta M\u00f3nika V\u00e1radi, Melinda Tir, M\u00e1rton Czirfusz, Istv\u00e1n P\u00f3sfai, Josef Bernard, Martin Simon: Local public policies and the (re)production of marginality in declining cities<\/p>\n\n\n\n<p class=\"has-medium-font-size\">J\u00e1nos K\u00f6ll\u0151, M\u00e1rton Czirfusz, Melinda Tir, Endre Szab\u00f3: The expected impact of climate change on labour market processes in Hungary<\/p>\n\n\n\n<p class=\"has-medium-font-size\">\u00c1gnes Szab\u00f3-Morvai: The impact of GYED Extra on children&#8217;s birth outcomes<\/p>\n\n\n\n<p class=\"has-medium-font-size\">K\u00e1roly Fazekas, J\u00e1nos K\u00f6ll\u0151, M\u00f3nika B\u00e1lint, Anna B\u00e1rdits, Anik\u00f3 B\u00edr\u00f3, P\u00e9ter M\u00e1rton Csillag, P\u00e9ter Elek, Tam\u00e1s Hajdu, Zolt\u00e1n Hermann, Olga Judit K\u00e1lm\u00e1n, Viktor R\u00f3bert K\u00e1rolyi, G\u00e1bor R\u00f3bert K\u00e1rolyi, Anna Lov\u00e1sz, Anna Seb\u0151k, Andr\u00e1s Simonovits, \u00c1gnes Szab\u00f3-Morvai, Melinda Tir, J\u00falia Varga, Lili Vargha: The Hungarian Labour Market 2017<\/p>\n\n\n\n<p class=\"has-medium-font-size\">Judit Tim\u00e1r, G\u00e1bor Velkey, Erika Nagy, G\u00e1bor Nagy, G\u00e1bor Dud\u00e1s, \u00c9va Perger, Jen\u0151 Zsolt Farkas, Andr\u00e1s Don\u00e1t Kov\u00e1cs, Endre Szab\u00f3, Melinda Tir: Institutional and individual responses to structural transformations of the state in different geographical contexts<\/p>\n\n\n\n<p class=\"has-medium-font-size\">Zolt\u00e1n Hermann, J\u00falia Varga, D\u00e1niel Horn, M\u00e1rton Csillag, \u00c1gota Scharle, Borb\u00e1la Greskovics, Tam\u00e1s Moln\u00e1r, Endre T\u00f3th, Anna Seb\u0151k, Melinda Tir, Endre Szab\u00f3, Zsuzsanna Sinka-Gr\u00f3sz, J\u00e1nos K\u00f6ll\u0151, M\u00f3nika B\u00e1lint: The Hungarian Labour Market 2018<\/p>\n\n\n\n<p class=\"has-medium-font-size\">Tam\u00e1s Szab\u00f3, Viktor Varj\u00fa: REPAiR &#8211; REsource Management in Peri-urban AReas: Going Beyond Urban Metabolism<\/p>\n\n\n\n<p class=\"has-medium-font-size\">Lea K\u0151szeghy, \u00c1gnes Gy\u0151ri, Adrienne Csizmady, Boldizs\u00e1r Megyesi, Zolt\u00e1n Ferencz, Andr\u00e1s Bal\u00e1zs: The social challenges of energy use<\/p>\n\n\n\n<p class=\"has-medium-font-size\">Bence Kov\u00e1ts: The role of family and community in access to housing<\/p>\n\n\n\n<p class=\"has-medium-font-size\">Katalin F\u00fcz\u00e9r, \u00c1kos Husz\u00e1r, Mikl\u00f3s Ill\u00e9ssy, \u00c1kos Bodor, Zolt\u00e1n Gr\u00fcnhut, Attila Pirmajer, Lajos B\u00e1lint: Occupational structure in contemporary Hungary: automation, computerization, regional differences<\/p>\n\n\n\n<p class=\"has-medium-font-size\">J\u00e1nos K\u00f6ll\u0151, K\u00e1roly Fazekas, Endre Szab\u00f3, Melinda Tir, \u00c1gnes Ruzsa Dr: Factors determining access to palliative care in Hungary<\/p>\n\n\n\n<p class=\"has-medium-font-size\">J\u00e1nos K\u00f6ll\u0151, Zsuzsanna Sinka-Gr\u00f3sz: Probability of accidents at work and the composition of the persons involved<\/p>\n\n\n\n<p class=\"has-medium-font-size\">Gy\u00f6rgy Moln\u00e1r, Tam\u00e1s Moln\u00e1r, Bal\u00e1zs V\u00e1radi: A fine-grained socio-economic analysis underpinning the equitable transformation of the kindergarten districts in J\u00f3zsefv\u00e1ros<\/p>\n\n\n\n<p class=\"has-medium-font-size\">Lajos Bakucs, Gergely Csurilla: Regional development indices estimated using settlement and micro-region-level domestic migration data<\/p>\n\n\n\n<p class=\"has-medium-font-size\">Csaba T\u00f3th: Micro-regional population projection and mortality excess in Hungary<\/p>\n\n\n\n<p class=\"has-medium-font-size\">J\u00e1nos K\u00f6ll\u0151, Melinda Tir, \u00c9va Czethoffer, Zsuzsanna Sinka-Gr\u00f3sz: The Hungarian Labour Market 2020<\/p>\n\n\n\n<p class=\"has-medium-font-size\">J\u00e1nos K\u00f6ll\u0151, Zsuzsanna Sinka-Gr\u00f3sz, Melinda Tir, \u00c9va Czethoffer: The Hungarian Labour Market 2022<\/p>\n\n\n\n<p class=\"has-medium-font-size\">Bogl\u00e1rka Herke: Large families or single-parent families? Support for pronatalist and poverty-reducing family policies in Hungary<\/p>\n\n\n\n<p class=\"has-medium-font-size\">Katalin Feh\u00e9r: Spatial, social, symbolic boundaries and development programmes in the spaces of residential segregation<\/p>\n\n\n\n<div class=\"wp-block-file\"><a href=\"https:\/\/adatbank.krtk.mta.hu\/wp-content\/uploads\/2025\/10\/Kutatoszoba_futo_projektek20251014_ANGOL.pdf\" class=\"wp-block-file__button wp-element-button\" download>Research Room projects<\/a><\/div>\n","protected":false},"excerpt":{"rendered":"<p>Current research projects in the Research Room Tam\u00e1s Hajdu, G\u00e1bor Kertesi, G\u00e1bor K\u00e9zdi, J\u00e1nos K\u00f6ll\u0151, \u00c1gnes Szab\u00f3-Morvai, R\u00f3bert Viktor K\u00e1rolyi, Anik\u00f3 Bir\u00f3, P\u00e9ter Elek, Lajos Tam\u00e1s Szab\u00f3, J\u00falia Varga, Barnab\u00e1s Beny\u00e1k, Bence Szab\u00f3: Employment differences, housing inequalities, health at birth Bal\u00e1zs Lengyel, L\u00e1szl\u00f3 L\u0151rincz: Technological proximity, ownership structure and dynamics: product spatial networks from 1992 [&hellip;]<\/p>\n","protected":false},"author":1,"featured_media":0,"parent":24,"menu_order":0,"comment_status":"closed","ping_status":"closed","template":"pillar-page.php","meta":{"footnotes":""},"_links":{"self":[{"href":"https:\/\/adatbank.krtk.mta.hu\/en\/wp-json\/wp\/v2\/pages\/59"}],"collection":[{"href":"https:\/\/adatbank.krtk.mta.hu\/en\/wp-json\/wp\/v2\/pages"}],"about":[{"href":"https:\/\/adatbank.krtk.mta.hu\/en\/wp-json\/wp\/v2\/types\/page"}],"author":[{"embeddable":true,"href":"https:\/\/adatbank.krtk.mta.hu\/en\/wp-json\/wp\/v2\/users\/1"}],"replies":[{"embeddable":true,"href":"https:\/\/adatbank.krtk.mta.hu\/en\/wp-json\/wp\/v2\/comments?post=59"}],"version-history":[{"count":0,"href":"https:\/\/adatbank.krtk.mta.hu\/en\/wp-json\/wp\/v2\/pages\/59\/revisions"}],"up":[{"embeddable":true,"href":"https:\/\/adatbank.krtk.mta.hu\/en\/wp-json\/wp\/v2\/pages\/24"}],"wp:attachment":[{"href":"https:\/\/adatbank.krtk.mta.hu\/en\/wp-json\/wp\/v2\/media?parent=59"}],"curies":[{"name":"wp","href":"https:\/\/api.w.org\/{rel}","templated":true}]}}