{"id":69,"date":"2019-12-07T13:59:11","date_gmt":"2019-12-07T13:59:11","guid":{"rendered":"http:\/\/localhost\/krtk\/typerocket\/wordpress\/?page_id=69"},"modified":"2025-08-13T09:44:25","modified_gmt":"2025-08-13T09:44:25","slug":"stata-tanfolyam","status":"publish","type":"page","link":"https:\/\/adatbank.krtk.mta.hu\/en\/kepzes\/stata-tanfolyam\/","title":{"rendered":"Stata course"},"content":{"rendered":"\n<p>Az Adatbank elk\u00f6telezett az\nadatalap\u00fa kutat\u00e1sok t\u00e1mogat\u00e1s\u00e1ban. Ennek \u00e9rdek\u00e9ben, illetve&nbsp; infrastrukt\u00far\u00e1nk jobb kihaszn\u00e1l\u00e1s\u00e1nak\nbiztos\u00edt\u00e1s\u00e1ra m\u00e1r t\u00f6bb alkalommal tartottunk Stata tanfolyamot. A&nbsp; tanfolyam tanterve igazodik a hallgat\u00f3k\ntud\u00e1s\u00e1hoz, \u00edgy lehet\u0151s\u00e9g van ak\u00e1r teljesen kezd\u0151 k\u00e9pz\u00e9s ind\u00edt\u00e1s\u00e1ra is.\nTanfolyamainkat legal\u00e1bb 10 f\u0151s ig\u00e9ny eset\u00e9n, ingyenesen tartjuk \u00e1ltalunk\nbiztos\u00edtott eszk\u00f6z\u00f6kkel.<\/p>\n","protected":false},"excerpt":{"rendered":"<p>Az Adatbank elk\u00f6telezett az adatalap\u00fa kutat\u00e1sok t\u00e1mogat\u00e1s\u00e1ban. Ennek \u00e9rdek\u00e9ben, illetve&nbsp; infrastrukt\u00far\u00e1nk jobb kihaszn\u00e1l\u00e1s\u00e1nak biztos\u00edt\u00e1s\u00e1ra m\u00e1r t\u00f6bb alkalommal tartottunk Stata tanfolyamot. A&nbsp; tanfolyam tanterve igazodik a hallgat\u00f3k tud\u00e1s\u00e1hoz, \u00edgy lehet\u0151s\u00e9g van ak\u00e1r teljesen kezd\u0151 k\u00e9pz\u00e9s ind\u00edt\u00e1s\u00e1ra is. Tanfolyamainkat legal\u00e1bb 10 f\u0151s ig\u00e9ny eset\u00e9n, ingyenesen tartjuk \u00e1ltalunk biztos\u00edtott eszk\u00f6z\u00f6kkel.<\/p>\n","protected":false},"author":1,"featured_media":0,"parent":26,"menu_order":0,"comment_status":"closed","ping_status":"closed","template":"pillar-page.php","meta":{"footnotes":""},"_links":{"self":[{"href":"https:\/\/adatbank.krtk.mta.hu\/en\/wp-json\/wp\/v2\/pages\/69"}],"collection":[{"href":"https:\/\/adatbank.krtk.mta.hu\/en\/wp-json\/wp\/v2\/pages"}],"about":[{"href":"https:\/\/adatbank.krtk.mta.hu\/en\/wp-json\/wp\/v2\/types\/page"}],"author":[{"embeddable":true,"href":"https:\/\/adatbank.krtk.mta.hu\/en\/wp-json\/wp\/v2\/users\/1"}],"replies":[{"embeddable":true,"href":"https:\/\/adatbank.krtk.mta.hu\/en\/wp-json\/wp\/v2\/comments?post=69"}],"version-history":[{"count":0,"href":"https:\/\/adatbank.krtk.mta.hu\/en\/wp-json\/wp\/v2\/pages\/69\/revisions"}],"up":[{"embeddable":true,"href":"https:\/\/adatbank.krtk.mta.hu\/en\/wp-json\/wp\/v2\/pages\/26"}],"wp:attachment":[{"href":"https:\/\/adatbank.krtk.mta.hu\/en\/wp-json\/wp\/v2\/media?parent=69"}],"curies":[{"name":"wp","href":"https:\/\/api.w.org\/{rel}","templated":true}]}}