{"id":70,"date":"2019-12-07T14:00:23","date_gmt":"2019-12-07T14:00:23","guid":{"rendered":"http:\/\/localhost\/krtk\/typerocket\/wordpress\/?page_id=70"},"modified":"2025-08-13T09:43:59","modified_gmt":"2025-08-13T09:43:59","slug":"gyakornoki-program","status":"publish","type":"page","link":"https:\/\/adatbank.krtk.mta.hu\/en\/kepzes\/gyakornoki-program\/","title":{"rendered":"Internship program"},"content":{"rendered":"\n<p><strong> <\/strong>A tev\u00e9kenys\u00e9g c\u00e9lja:<strong>&nbsp;<\/strong>Fontosnak tartjuk az adatk\u00f6zpont\u00fa  szeml\u00e9let \u00e1tad\u00e1s\u00e1t a fiatal kutat\u00f3 gener\u00e1ci\u00f3k r\u00e9sz\u00e9re, ez\u00e9rt gyakornoki  programunk keret\u00e9ben biztos\u00edtunk sz\u00e1mukra k\u00e9pz\u00e9st \u00e9s egyben lehet\u0151s\u00e9get a  k\u00f6zpontban foly\u00f3 kutat\u00e1sokba t\u00f6rt\u00e9n\u0151 bekapcsol\u00f3d\u00e1sba. A r\u00e9sztvev\u0151k  megval\u00f3s\u00edthatj\u00e1k kutat\u00e1si terveiket az \u00e1ltalunk gondozott \u00e1llom\u00e1nyokon,  munk\u00e1jukhoz seg\u00edts\u00e9get \u00e9s tan\u00e1csokat kapnak munkat\u00e1rsainkt\u00f3l. <\/p>\n","protected":false},"excerpt":{"rendered":"<p>A tev\u00e9kenys\u00e9g c\u00e9lja:&nbsp;Fontosnak tartjuk az adatk\u00f6zpont\u00fa szeml\u00e9let \u00e1tad\u00e1s\u00e1t a fiatal kutat\u00f3 gener\u00e1ci\u00f3k r\u00e9sz\u00e9re, ez\u00e9rt gyakornoki programunk keret\u00e9ben biztos\u00edtunk sz\u00e1mukra k\u00e9pz\u00e9st \u00e9s egyben lehet\u0151s\u00e9get a k\u00f6zpontban foly\u00f3 kutat\u00e1sokba t\u00f6rt\u00e9n\u0151 bekapcsol\u00f3d\u00e1sba. A r\u00e9sztvev\u0151k megval\u00f3s\u00edthatj\u00e1k kutat\u00e1si terveiket az \u00e1ltalunk gondozott \u00e1llom\u00e1nyokon, munk\u00e1jukhoz seg\u00edts\u00e9get \u00e9s tan\u00e1csokat kapnak munkat\u00e1rsainkt\u00f3l.<\/p>\n","protected":false},"author":1,"featured_media":0,"parent":26,"menu_order":0,"comment_status":"closed","ping_status":"closed","template":"pillar-page.php","meta":{"footnotes":""},"_links":{"self":[{"href":"https:\/\/adatbank.krtk.mta.hu\/en\/wp-json\/wp\/v2\/pages\/70"}],"collection":[{"href":"https:\/\/adatbank.krtk.mta.hu\/en\/wp-json\/wp\/v2\/pages"}],"about":[{"href":"https:\/\/adatbank.krtk.mta.hu\/en\/wp-json\/wp\/v2\/types\/page"}],"author":[{"embeddable":true,"href":"https:\/\/adatbank.krtk.mta.hu\/en\/wp-json\/wp\/v2\/users\/1"}],"replies":[{"embeddable":true,"href":"https:\/\/adatbank.krtk.mta.hu\/en\/wp-json\/wp\/v2\/comments?post=70"}],"version-history":[{"count":0,"href":"https:\/\/adatbank.krtk.mta.hu\/en\/wp-json\/wp\/v2\/pages\/70\/revisions"}],"up":[{"embeddable":true,"href":"https:\/\/adatbank.krtk.mta.hu\/en\/wp-json\/wp\/v2\/pages\/26"}],"wp:attachment":[{"href":"https:\/\/adatbank.krtk.mta.hu\/en\/wp-json\/wp\/v2\/media?parent=70"}],"curies":[{"name":"wp","href":"https:\/\/api.w.org\/{rel}","templated":true}]}}